{"id":16420,"date":"2024-05-15T11:03:51","date_gmt":"2024-05-15T09:03:51","guid":{"rendered":"https:\/\/mck.pk.edu.pl\/for-students\/important-information\/"},"modified":"2024-07-24T14:07:46","modified_gmt":"2024-07-24T12:07:46","slug":"important-information","status":"publish","type":"page","link":"https:\/\/mck.pk.edu.pl\/en\/for-students\/important-information\/","title":{"rendered":"Important information"},"content":{"rendered":"<div class=\"wp-block-ub-content-toggle wp-block-ub-content-toggle-block\" id=\"ub-content-toggle-block-2186cc39-bc79-419a-b8ef-3ea15a8ad7a7\" data-mobilecollapse=\"false\" data-desktopcollapse=\"true\" data-preventcollapse=\"false\" data-showonlyone=\"false\">\n<div class=\"wp-block-ub-content-toggle-accordion\" style=\"border-color: #f1f1f1; \" id=\"ub-content-toggle-panel-block-b8e07a9d-4e00-4354-9d70-5f4162ce6e5d\">\n\t\t\t<div class=\"wp-block-ub-content-toggle-accordion-title-wrap\" style=\"background-color: #f1f1f1;\" aria-controls=\"ub-content-toggle-panel-0-2186cc39-bc79-419a-b8ef-3ea15a8ad7a7\" tabindex=\"0\">\n\t\t\t<p class=\"wp-block-ub-content-toggle-accordion-title ub-content-toggle-title-2186cc39-bc79-419a-b8ef-3ea15a8ad7a7\" style=\"color: #000000; \">The residence permit<\/p>\n\t\t\t<div class=\"wp-block-ub-content-toggle-accordion-toggle-wrap right\" style=\"color: #000000;\"><span class=\"wp-block-ub-content-toggle-accordion-state-indicator wp-block-ub-chevron-down\"><\/span><\/div>\n\t\t<\/div>\n\t\t\t<div role=\"region\" aria-expanded=\"false\" class=\"wp-block-ub-content-toggle-accordion-content-wrap ub-hide\" id=\"ub-content-toggle-panel-0-2186cc39-bc79-419a-b8ef-3ea15a8ad7a7\">\n\n<p><strong>The residence permit<\/strong><br><strong>Ma\u0142opolska Provincial Office in Krakow<\/strong><br><strong>Departament for Foreigners<\/strong><\/p>\n\n\n\n<p>Krak\u00f3w, ul. Przy Rondzie 6<br>tel. <a href=\"tel:+48122102020\">12 210 20 20<\/a><br><strong>e-mail:<\/strong> <a href=\"mailto:info.opt@malopolska.uw.gov.pl\">info.opt@malopolska.uw.gov.pl<\/a><\/p>\n\n\n\n<p>Foreigners&#8217; affairs room<br>Ground floor<br>tel. <a href=\"tel:+48123921834\">12 39 21 834<\/a><br><strong>e-mail:<\/strong> <a href=\"mailto:jzab@malopolska.uw.gov.pl\">jzab@malopolska.uw.gov.pl<\/a><\/p>\n\n\n\n<p><strong>Information on legalization on visas and invitations<\/strong><br>tel. <a href=\"tel:+48123921802\">12 39 21\u00a0802<\/a><br><strong>e-mail:<\/strong>\u00a0<a href=\"mailto:Anna.Urban-Toczek@malopolska.uw.gov.pl\">anna.urban-toczek@malopolska.uw.gov.pl<\/a><\/p>\n\n\n\n<p>Opening hours for residents:<br>Monday- Friday 8:00-16:00<br><br><a href=\"https:\/\/www.malopolska.uw.gov.pl\/default.aspx?page=WSC\">www.malopolska.uw.gov.pl\/default.aspx?page=WSC<\/a><br><a href=\"https:\/\/infoopt.pl\/\">infoopt.pl\/<\/a><\/p>\n\n<\/div>\n\t\t<\/div>\n\n<div class=\"wp-block-ub-content-toggle-accordion\" style=\"border-color: #f1f1f1; \" id=\"ub-content-toggle-panel-block-309319ac-d795-4287-811a-a170faeb67b6\">\n\t\t\t<div class=\"wp-block-ub-content-toggle-accordion-title-wrap\" style=\"background-color: #f1f1f1;\" aria-controls=\"ub-content-toggle-panel-1-2186cc39-bc79-419a-b8ef-3ea15a8ad7a7\" tabindex=\"0\">\n\t\t\t<p class=\"wp-block-ub-content-toggle-accordion-title ub-content-toggle-title-2186cc39-bc79-419a-b8ef-3ea15a8ad7a7\" style=\"color: #000000; \">Voluntary health insurance<\/p>\n\t\t\t<div class=\"wp-block-ub-content-toggle-accordion-toggle-wrap right\" style=\"color: #000000;\"><span class=\"wp-block-ub-content-toggle-accordion-state-indicator wp-block-ub-chevron-down\"><\/span><\/div>\n\t\t<\/div>\n\t\t\t<div role=\"region\" aria-expanded=\"false\" class=\"wp-block-ub-content-toggle-accordion-content-wrap ub-hide\" id=\"ub-content-toggle-panel-1-2186cc39-bc79-419a-b8ef-3ea15a8ad7a7\">\n\n<p><strong>VOLUNTARY HEALTH INSURANCE in the National Health Fund (NFZ) &#8211; Wadowicka 8W street<\/strong><\/p>\n\n\n\n<ol class=\"wp-block-list\">\n<li>The application (received at the MCK PK) with attachments should be submitted to the Journal of the National Health Fund (<strong>Wadowicka 8W street<\/strong>).<\/li>\n\n\n\n<li>After submitting the application, you should wait for information about the date of signing and collecting the contract. The identification number of the application will be given in the e-mail or by phone &#8211; it should be provided when picking up the contract.<\/li>\n\n\n\n<li>To pick up the contract at the entrance, please take a ticket from the machine (\u201cumowy dobrowolne\u201d) and go to the Info. Please bring your passport and the Pole&#8217;s card (if you have one).<\/li>\n\n\n\n<li><strong>After receiving the Contract, it should be presented at the MCK PK secretariat.<\/strong><\/li>\n<\/ol>\n\n\n\n<p><a href=\"https:\/\/www.nfz-krakow.pl\/kontakt\/\">www.nfz-krakow.pl\/kontakt\/<\/a><\/p>\n\n<\/div>\n\t\t<\/div>\n\n<div class=\"wp-block-ub-content-toggle-accordion\" style=\"border-color: #f1f1f1; \" id=\"ub-content-toggle-panel-block-a05c53a2-35a2-46d8-8399-ad9284cbddb9\">\n\t\t\t<div class=\"wp-block-ub-content-toggle-accordion-title-wrap\" style=\"background-color: #f1f1f1;\" aria-controls=\"ub-content-toggle-panel-2-2186cc39-bc79-419a-b8ef-3ea15a8ad7a7\" tabindex=\"0\">\n\t\t\t<p class=\"wp-block-ub-content-toggle-accordion-title ub-content-toggle-title-2186cc39-bc79-419a-b8ef-3ea15a8ad7a7\" style=\"color: #000000; \">Night and holiday healthcare<\/p>\n\t\t\t<div class=\"wp-block-ub-content-toggle-accordion-toggle-wrap right\" style=\"color: #000000;\"><span class=\"wp-block-ub-content-toggle-accordion-state-indicator wp-block-ub-chevron-down\"><\/span><\/div>\n\t\t<\/div>\n\t\t\t<div role=\"region\" aria-expanded=\"false\" class=\"wp-block-ub-content-toggle-accordion-content-wrap ub-hide\" id=\"ub-content-toggle-panel-2-2186cc39-bc79-419a-b8ef-3ea15a8ad7a7\">\n\n<p><strong>Night and holiday healthcare<\/strong><\/p>\n\n\n\n<p>During holidays and non-working days, medical assistance is provided by night and holiday health care points.<\/p>\n\n\n\n<p>Night and holiday health care are basic health care benefits provided from Monday to Friday from 6.00 p.m. to 8.00 a.m. the next day and on non-working days around the clock. Below is a list of facilities on duty in Cracow :<\/p>\n\n\n\n<ul class=\"wp-block-list\">\n<li>Krakowski Szpital Specjalistyczny im. Jana Paw\u0142a II, ul. Pr\u0105dnicka 80 (pawilon M \u2013V, wej\u015bcie C), tel. 12 614 28 88<\/li>\n\n\n\n<li>NZOZ Krak\u00f3w-Po\u0142udnie, ul. Kutrzeby 4, tel. 12 656 10 07<\/li>\n\n\n\n<li>NZOZ Krak\u00f3w-Po\u0142udnie, ul. Szwedzka 27, tel. 12 266 02 70<\/li>\n\n\n\n<li>Specjalistyczny Szpital im. J. Dietla, al. F. Focha 33, tel. 12 687 64 00, 12 687 64 42, 12 687 84 79, 12 687 64 92<\/li>\n\n\n\n<li>Szpital im. \u015bw. Rafa\u0142a, ul. Armii Krajowej 5, tel. 12\u00a0370 27 35<\/li>\n\n\n\n<li>Szpital im. \u015bw. Rafa\u0142a, ul. Bochenka 12, tel. 12\u00a0385 58 05<\/li>\n\n\n\n<li>Szpital Miejski Specjalistyczny im. G. Narutowicza, ul. Pr\u0105dnicka 35, tel. 12 257 86 06<\/li>\n\n\n\n<li>Szpital Specjalistyczny im. L. Rydygiera, os. Z\u0142otej Jesieni 1, tel. 12 646 87 92<\/li>\n\n\n\n<li>Szpital Specjalistyczny im. S. \u017beromskiego, os. Na Skarpie 66, tel. 12 622 95 76, 12 622 95 45<\/li>\n\n\n\n<li>Wojew\u00f3dzki Specjalistyczny Szpital Dzieci\u0119cy im. \u015bw. Ludwika, ul. Strzelecka 2a, tel. 12 619 86 87, 12 619 86 61<\/li>\n<\/ul>\n\n\n\n<p>For residents of PK dormitories, the following are suggested:<\/p>\n\n\n\n<ul class=\"wp-block-list\">\n<li>Szpital Specjalistyczny im. L. Rydygiera, os. Z\u0142otej Jesieni 1<\/li>\n\n\n\n<li>Szpital Specjalistyczny im. S. \u017beromskiego, os. Na Skarpie 66<\/li>\n<\/ul>\n\n\n\n<p>There are also hospital emergency departments (provide help in the event of a sudden threat to health or life).<br><br><a href=\"https:\/\/www.krakow.pl\/aktualnosci\/248189,202,komunikat,swiateczna_opieka_medyczna_w_krakowie.html\">www.krakow.pl\/aktualnosci\/248189,202,komunikat,swiateczna_opieka_medyczna_w_krakowie.html<\/a><\/p>\n\n<\/div>\n\t\t<\/div>\n\n<div class=\"wp-block-ub-content-toggle-accordion\" style=\"border-color: #f1f1f1; \" id=\"ub-content-toggle-panel-block-84adf2b0-d1de-4ec3-9f43-5ed324483300\">\n\t\t\t<div class=\"wp-block-ub-content-toggle-accordion-title-wrap\" style=\"background-color: #f1f1f1;\" aria-controls=\"ub-content-toggle-panel-3-2186cc39-bc79-419a-b8ef-3ea15a8ad7a7\" tabindex=\"0\">\n\t\t\t<p class=\"wp-block-ub-content-toggle-accordion-title ub-content-toggle-title-2186cc39-bc79-419a-b8ef-3ea15a8ad7a7\" style=\"color: #000000; \">Duty of public pharmacies<\/p>\n\t\t\t<div class=\"wp-block-ub-content-toggle-accordion-toggle-wrap right\" style=\"color: #000000;\"><span class=\"wp-block-ub-content-toggle-accordion-state-indicator wp-block-ub-chevron-down\"><\/span><\/div>\n\t\t<\/div>\n\t\t\t<div role=\"region\" aria-expanded=\"false\" class=\"wp-block-ub-content-toggle-accordion-content-wrap ub-hide\" id=\"ub-content-toggle-panel-3-2186cc39-bc79-419a-b8ef-3ea15a8ad7a7\">\n\n<p><strong>Duty of public pharmacies<\/strong><\/p>\n\n\n\n<p>In 2021, the following pharmacies in Krakow provide\u00a0<strong>round-the-clock (24\/24) duty<\/strong>\u00a0for the full range of pharmaceutical services at night, public holidays and non-working days:<\/p>\n\n\n\n<ul class=\"wp-block-list\">\n<li>os. Centrum A bl. 4, tel. 800 110 110<\/li>\n\n\n\n<li>ul. Kalwaryjska 94, tel. 800 110 110<\/li>\n\n\n\n<li>ul. Karmelicka 23, tel. 12 631 19 80<\/li>\n\n\n\n<li>ul. Kazimierza Wielkiego 117, tel. 12 637 44 01<\/li>\n\n\n\n<li>ul. Kronikarza Galla 26, tel. 12 636 73 65<\/li>\n\n\n\n<li>ul. Stoja\u0142owskiego 6, tel. 800 110 110<\/li>\n\n\n\n<li>ul. Wolska 1, tel. 12 657 13 16<\/li>\n\n\n\n<li>ul. Zieli\u0144ska 3, tel. 800 110\u00a0110<\/li>\n<\/ul>\n\n\n\n<p>The number 12 661 22 40 is open every day of the year. Free information &#8211; around the clock and on all days of the week &#8211; is provided on:<\/p>\n\n\n\n<ul class=\"wp-block-list\">\n<li>primary health care<\/li>\n\n\n\n<li>specialist outpatient care<\/li>\n\n\n\n<li>emergency care (emergency medicine)<\/li>\n\n\n\n<li>hospital treatment<\/li>\n\n\n\n<li>dentistry (along with the type of services provided)<\/li>\n\n\n\n<li>therapeutic rehabilitation<\/li>\n<\/ul>\n\n<\/div>\n\t\t<\/div>\n<\/div>","protected":false},"excerpt":{"rendered":"","protected":false},"author":914,"featured_media":0,"parent":16405,"menu_order":0,"comment_status":"closed","ping_status":"closed","template":"","meta":{"_acf_changed":false,"inline_featured_image":false,"_uag_custom_page_level_css":"","site-sidebar-layout":"default","site-content-layout":"","ast-site-content-layout":"default","site-content-style":"default","site-sidebar-style":"default","ast-global-header-display":"","ast-banner-title-visibility":"","ast-main-header-display":"","ast-hfb-above-header-display":"","ast-hfb-below-header-display":"","ast-hfb-mobile-header-display":"","site-post-title":"","ast-breadcrumbs-content":"","ast-featured-img":"","footer-sml-layout":"","ast-disable-related-posts":"","theme-transparent-header-meta":"","adv-header-id-meta":"","stick-header-meta":"","header-above-stick-meta":"","header-main-stick-meta":"","header-below-stick-meta":"","astra-migrate-meta-layouts":"set","ast-page-background-enabled":"default","ast-page-background-meta":{"desktop":{"background-color":"var(--ast-global-color-4)","background-image":"","background-repeat":"repeat","background-position":"center center","background-size":"auto","background-attachment":"scroll","background-type":"","background-media":"","overlay-type":"","overlay-color":"","overlay-opacity":"","overlay-gradient":""},"tablet":{"background-color":"","background-image":"","background-repeat":"repeat","background-position":"center center","background-size":"auto","background-attachment":"scroll","background-type":"","background-media":"","overlay-type":"","overlay-color":"","overlay-opacity":"","overlay-gradient":""},"mobile":{"background-color":"","background-image":"","background-repeat":"repeat","background-position":"center center","background-size":"auto","background-attachment":"scroll","background-type":"","background-media":"","overlay-type":"","overlay-color":"","overlay-opacity":"","overlay-gradient":""}},"ast-content-background-meta":{"desktop":{"background-color":"var(--ast-global-color-5)","background-image":"","background-repeat":"repeat","background-position":"center center","background-size":"auto","background-attachment":"scroll","background-type":"","background-media":"","overlay-type":"","overlay-color":"","overlay-opacity":"","overlay-gradient":""},"tablet":{"background-color":"var(--ast-global-color-5)","background-image":"","background-repeat":"repeat","background-position":"center center","background-size":"auto","background-attachment":"scroll","background-type":"","background-media":"","overlay-type":"","overlay-color":"","overlay-opacity":"","overlay-gradient":""},"mobile":{"background-color":"var(--ast-global-color-5)","background-image":"","background-repeat":"repeat","background-position":"center center","background-size":"auto","background-attachment":"scroll","background-type":"","background-media":"","overlay-type":"","overlay-color":"","overlay-opacity":"","overlay-gradient":""}},"footnotes":""},"class_list":["post-16420","page","type-page","status-publish","hentry"],"acf":[],"featured_image_src":null,"uagb_featured_image_src":{"full":false,"thumbnail":false,"medium":false,"medium_large":false,"large":false,"1536x1536":false,"2048x2048":false},"uagb_author_info":{"display_name":"dkluczynski","author_link":"https:\/\/mck.pk.edu.pl\/en\/author\/dkluczynski\/"},"uagb_comment_info":0,"uagb_excerpt":null,"_links":{"self":[{"href":"https:\/\/mck.pk.edu.pl\/en\/wp-json\/wp\/v2\/pages\/16420","targetHints":{"allow":["GET"]}}],"collection":[{"href":"https:\/\/mck.pk.edu.pl\/en\/wp-json\/wp\/v2\/pages"}],"about":[{"href":"https:\/\/mck.pk.edu.pl\/en\/wp-json\/wp\/v2\/types\/page"}],"author":[{"embeddable":true,"href":"https:\/\/mck.pk.edu.pl\/en\/wp-json\/wp\/v2\/users\/914"}],"replies":[{"embeddable":true,"href":"https:\/\/mck.pk.edu.pl\/en\/wp-json\/wp\/v2\/comments?post=16420"}],"version-history":[{"count":0,"href":"https:\/\/mck.pk.edu.pl\/en\/wp-json\/wp\/v2\/pages\/16420\/revisions"}],"up":[{"embeddable":true,"href":"https:\/\/mck.pk.edu.pl\/en\/wp-json\/wp\/v2\/pages\/16405"}],"wp:attachment":[{"href":"https:\/\/mck.pk.edu.pl\/en\/wp-json\/wp\/v2\/media?parent=16420"}],"curies":[{"name":"wp","href":"https:\/\/api.w.org\/{rel}","templated":true}]}}